{"id":977,"date":"2019-04-25T22:24:19","date_gmt":"2019-04-25T20:24:19","guid":{"rendered":"http:\/\/katagi.restiberostar.putput.cat\/rechtliche-hinweise-und-nutzungsbedingungen\/"},"modified":"2025-06-02T10:19:56","modified_gmt":"2025-06-02T08:19:56","slug":"rechtliche-hinweise-und-nutzungsbedingungen","status":"publish","type":"page","link":"https:\/\/restaurantesalivent.com\/de\/rechtliche-hinweise-und-nutzungsbedingungen\/","title":{"rendered":"Rechtliche Hinweise und Nutzungsbedingungen"},"content":{"rendered":"\t\t<div data-elementor-type=\"wp-post\" data-elementor-id=\"977\" class=\"elementor elementor-977 elementor-66\" data-elementor-post-type=\"page\">\n\t\t\t\t\t\t<section class=\"elementor-section elementor-top-section elementor-element elementor-element-383d7437 elementor-section-content-middle rowtext rowtext-legal elementor-section-full_width elementor-section-height-min-height elementor-section-height-default elementor-section-items-middle\" data-id=\"383d7437\" data-element_type=\"section\">\n\t\t\t\t\t\t<div class=\"elementor-container elementor-column-gap-wider\">\n\t\t\t\t\t<div class=\"elementor-column elementor-col-100 elementor-top-column elementor-element elementor-element-1b2617a5 txtcolumn\" data-id=\"1b2617a5\" data-element_type=\"column\">\n\t\t\t<div class=\"elementor-widget-wrap elementor-element-populated\">\n\t\t\t\t\t\t<div class=\"elementor-element elementor-element-c0cb182 rowtext__title h2 elementor-widget elementor-widget-heading\" data-id=\"c0cb182\" data-element_type=\"widget\" data-widget_type=\"heading.default\">\n\t\t\t\t<div class=\"elementor-widget-container\">\n\t\t\t<h1 class=\"elementor-heading-title elementor-size-default\">Rechtliche Hinweise und Nutzungsbedingungen<\/h1>\t\t<\/div>\n\t\t\t\t<\/div>\n\t\t\t\t<div class=\"elementor-element elementor-element-2457c6d8 rowtext__txt elementor-widget elementor-widget-text-editor\" data-id=\"2457c6d8\" data-element_type=\"widget\" data-widget_type=\"text-editor.default\">\n\t\t\t\t<div class=\"elementor-widget-container\">\n\t\t\t\t\t\t\t<h2>ANGABEN gem\u00e4\u00df LSSI<\/h2>\n<p>Gem\u00e4\u00df Gesetz 34\/2002 vom 11. Juli 2002 bez\u00fcglich der Dienste in der Informationsgesellschaft wird der Inhaber der Internetseite <a href=\"https:\/\/www.restaurantesalivent.com\/\"><strong>https:\/\/www.restaurantesalivent.com\/<\/strong><\/a> (folgend \u201eInternetseite\u201c oder \u201eWebseite\u201c) angegeben mit IBEROSTAR HOTELES Y APARTAMENTOS, S.L. spanischen Rechts, mit Sitz in C\/ General Riera, 154, 07010 Palma de Mallorca, C.I.F. B-28.049.344, eingetragen im Handelsregister von Mallorca im Band 1687, Folio 59, Blatt PM-5191, Eintrag 1.<\/p>\n<p>Betreiber des Restaurante Salivent im Hotel Iberostar Section Es Trenc ist HOTEL SANT JORDI, S.A.U. mit Sitz in Avda. Es Raiguer n\u00fam. 2 de Inca, CP 07300, CIF A-07019524.<\/p>\n<p>Die auf der Internetseite eingesetzte Buchungsplattform wird von \u201eCover Manager\u201c betrieben und verwaltet.<\/p>\n<p>Zus\u00e4tzlich zu den oben genannten Gesch\u00e4ftsadressen steht den Benutzern auch die folgende E-Mail-Adresse f\u00fcr Anfragen, Fragen und Beschwerden zur Verf\u00fcgung: <a href=\"mailto:es.trenc@iberostar.com\"><strong>es.trenc@iberostar.com<\/strong><\/a><\/p>\n<h2>II. NUTZUNGSBEDINGUNGEN<\/h2>\n<p>Die vorliegenden allgemeinen Nutzungsbedingungen regeln den Zugang und die Nutzung der Inhalte und Dienste, die \u00fcber die Internetseite angeboten werden.<\/p>\n<p>\u00dcber die Internetseite werden dem Benutzer Informationen zum gastronomischen Angebot, die Einrichtungen, \u00d6ffnungszeiten und die Lage des Restaurants Salivent sowie die M\u00f6glichkeit der Reservierung geboten.<\/p>\n<p>Sie k\u00f6nnen auch unseren Newsletter abonnieren, um Informationen \u00fcber unsere Produkte und Dienstleistungen auf verschiedene Weise (z. B. per E-Mail oder ggf. SMS) zu erhalten.<\/p>\n<p>Diese allgemeinen Bedingungen gelten jeweils neben den besonderen Reservierungsbedingungen auf der Internetseite.<\/p>\n<p>Durch die Nutzung der Internetseite gelten Sie automatisch als \u201eBenutzer\u201c. Durch die fortgesetzte Nutzung der Internetseite und ihrer Dienstleistungen stimmen Sie diesen allgemeinen Bedingungen sowie den besonderen Bedingungen f\u00fcr die Nutzung der Internetseite oder der damit verbundenen Dienstleistungen, ohne Einschr\u00e4nkung und vollumf\u00e4nglich zu.<\/p>\n<p>Die Eigent\u00fcmer der Internetseite k\u00f6nnen jederzeit und ohne vorherige Ank\u00fcndigung die Darstellung und Konfiguration der Internetseite sowie diese allgemeinen Bedingungen \u00e4ndern und neue Bedingungen hinzuf\u00fcgen. Derartige \u00c4nderungen werden so auf der Internetseite ver\u00f6ffentlicht, dass der Benutzer sie zur Kenntnis nehmen kann, bevor er die Internetseite benutzt. Die fortgesetzte Nutzung der Internetseite nach \u00c4nderung der allgemeinen Bedingungen bedeutet die Annahme dieser ge\u00e4nderten allgemeinen Bedingungen durch den Benutzer.<\/p>\n<h3>Pflichten des Benutzers<\/h3>\n<p>Sie erkl\u00e4ren durch die Nutzung der Internetseite, dass Sie mindestens 18 Jahre alt sind. Minderj\u00e4hrige ben\u00f6tigen f\u00fcr die Nutzung der Internetseite die vorherige Zustimmung ihrer Eltern, Erziehungsberechtigten oder gesetzlichen Vertreter, die f\u00fcr alle Handlungen der von ihnen betreuten Minderj\u00e4hrigen verantwortlich sind.<\/p>\n<p>Der Benutzer verpflichtet sich, die Internetseite sowie die mit ihr verbundenen Dienste stets in \u00dcbereinstimmung mit den geltenden Gesetzen, den guten Sitten und \u00f6ffentlichen Ordnung sowie gem\u00e4\u00df den Bestimmungen dieser allgemeinen Bedingungen und jeweils geltenden besonderen Bedingungen zu nutzen. Der Benutzer verpflichtet sich, die Internetseite in keiner Weise zu verwenden, die den normalen Betrieb oder die Benutzung der Internetseite oder der mit ihr verbundenen Dienste beeintr\u00e4chtigen k\u00f6nnte oder die das Eigentum oder die Rechte der Eigent\u00fcmer der Internetseite, Lieferanten, Benutzer oder sonstiger Dritter sch\u00e4digen k\u00f6nnte.<\/p>\n<p>Insbesondere ist der Benutzer bei der Nutzung der Internetseite und der damit verbundenen Dienste zu Folgendem verpflichtet:<\/p>\n<ul>\n<li>Benutzer d\u00fcrfen keine Computerprogramme, Daten, Viren, Codes oder andere Instrumente oder elektronische Ger\u00e4te \u00fcber die Internetseite oder die mit ihr verbundenen Dienste einf\u00fchren, speichern oder verbreiten, die Sch\u00e4den an der Internetseite, den mit ihr verbundenen Diensten oder Ger\u00e4ten, Systemen oder Netzwerkeinrichtungen der Eigent\u00fcmer der Internetseite, ihrer Lieferanten, eines Benutzers oder sonstigen Dritten verursachen k\u00f6nnten oder in sonstiger Weise geeignet w\u00e4ren, \u00c4nderungen an der Internetseite vorzunehmen oder den normalen Betrieb der Internetseite zu beeintr\u00e4chtigen.<\/li>\n<li>Benutzer d\u00fcrfen bei der Nutzung der Internetseite oder der mit ihr verbundenen Dienste keine falsche Identit\u00e4t oder die Identit\u00e4t anderer benutzen und keine Passw\u00f6rter oder sonstige Mittel f\u00fcr den Zugriff auf Profile Dritter einsetzen.<\/li>\n<li>Benutzer d\u00fcrfen den Ursprung von E-Mail-Nachrichten nicht verbergen oder verf\u00e4lschen, d\u00fcrfen E-Mail-Nachrichten anderer Benutzer nicht unterdr\u00fccken, l\u00f6schen oder \u00e4ndern und d\u00fcrfen keine Massen-E-Mails (Spam) versenden.<\/li>\n<li>Benutzer d\u00fcrfen keine Daten, Informationen, Programme oder elektronische Dokumente der Eigent\u00fcmer der Internetseite, ihrer Lieferanten oder Dritter zerst\u00f6ren, ver\u00e4ndern, unbenutzbar machen oder besch\u00e4digen.<\/li>\n<li>Benutzer d\u00fcrfen keine Inhalte oder \u00fcber die Internetseite erhaltenen Informationen f\u00fcr den Versand von Werbung, von Nachrichten zu Verkaufszwecken oder f\u00fcr andere kommerzielle Zwecke verwenden oder personenbezogene Daten Dritter sammeln oder speichern.<\/li>\n<li>Benutzer d\u00fcrfen keine diffamierenden, beleidigenden, obsz\u00f6nen, bedrohlichen, fremdenfeindlichen, gewaltt\u00e4tigen, zur Diskriminierung nach Geschlecht, Rasse, Ideologie oder Religion auffordernden oder in irgendeiner Weise gegen die Moral oder die \u00f6ffentliche Ordnung, Grundrechte, \u00f6ffentliche Freiheiten, gegen die Ehre, Privatsph\u00e4re oder das Recht am Bild Dritter oder in sonstiger und irgendeiner Weise gegen die geltenden Vorschriften versto\u00dfende Inhalte einbringen oder verbreiten.<\/li>\n<\/ul>\n<p>Ist ein Benutzer der Ansicht, dass Tatsachen oder Umst\u00e4nde vorliegen, die f\u00fcr die Rechtswidrigkeit von \u00fcber die Internetseite zug\u00e4nglichen Inhalten oder Aktivit\u00e4ten sprechen, muss er den Eigent\u00fcmer der Internetseite dar\u00fcber benachrichtigen, indem er eine E-Mail an <a href=\"mailto:callcenter@iberostar.com\"><strong>callcenter@iberostar.com<\/strong><\/a> sendet.<\/p>\n<h3>Geistiges Eigentum und gewerbliche Schutzrechte<\/h3>\n<p>Der Benutzer erkennt an, dass alle Elemente der Internetseite sowie aller dar\u00fcber angebotenen Dienste, den darin enthaltenen Informationen und Materialien, die Art der Auswahl, Anordnung und Pr\u00e4sentation der Inhalte und der dazu verwendeten Computerprogramme durch urheberrechtliche und gewerbliche Schutzrechte der Eigent\u00fcmer der Internetseite oder Dritter gesch\u00fctzt sind.<\/p>\n<p>Wenn der Eigent\u00fcmer der Internetseite oder gegebenenfalls ein Dritter als Inhaber der entsprechenden Rechte dies nicht ausdr\u00fccklich genehmigt oder wenn dies gesetzlich verboten ist, darf der Benutzer die im vorherigen Absatz genannten Elemente nicht reproduzieren, transformieren, modifizieren, zerlegen, r\u00fcckentwickeln, verteilen, vermieten, verleihen, zur Verf\u00fcgung stellen oder der \u00d6ffentlichkeit durch irgendeine Form der \u00f6ffentlichen Kommunikation zug\u00e4nglich machen. Ohne vorherige und ausdr\u00fcckliche Genehmigung durch den Inhaber der Internetseite oder den entsprechenden Rechteinhaber wird in keinem Fall eine Lizenz erteilt, auf ein Recht verzichtet, ein Recht \u00fcbertragen oder vollst\u00e4ndig oder teilweise abgetreten oder ein Recht oder eine Erwartung eines Rechts gew\u00e4hrt, insbesondere kein Recht auf \u00c4nderung, Nutzung, Vervielf\u00e4ltigung, Verbreitung oder \u00f6ffentliche Kommunikation dieser Inhalte.<\/p>\n<p>Der Benutzer verpflichtet sich, die durch die Nutzung der Internetseite oder der entsprechenden Dienste abgerufenen Materialien, Elemente und Informationen ausschlie\u00dflich f\u00fcr den eigenen Bedarf zu nutzen und keine direkte oder indirekte kommerzielle Nutzung der Dienste oder der darin erhaltenen Materialien, Elemente und Informationen vorzunehmen.<\/p>\n<p>Der Benutzer darf keine Hinweise oder Kennzeichen entfernen oder l\u00f6schen, die geistige, gewerbliche oder sonstige Eigentumsrechte der Eigent\u00fcmer der Internetseite oder Dritter, die auf der Internetseite oder in den \u00fcber sie angebotenen Diensten anzeigen. Es ist ebenfalls verboten, technische Vorrichtungen zu umgehen oder zu manipulieren, die von den Eigent\u00fcmern der Internetseite oder von Dritten auf der Internetseite, in einem der Dienste oder in einem der \u00fcber diese erhaltenen Materialien, Elemente oder Informationen zum Schutz ihrer Rechte eingerichtet wurden.<\/p>\n<h3>Haftungsausschluss<\/h3>\n<p>Die Eigent\u00fcmer der Internetseite verpflichten sich, alle Anstrengungen zu unternehmen, um die Verf\u00fcgbarkeit und Kontinuit\u00e4t der Internetseite sowie der damit verbundenen Dienste zu gew\u00e4hrleisten. Es kann jedoch nicht garantiert werden, dass die Internetseite und die damit verbundenen Dienste jederzeit einwandfrei funktionieren und dass Benutzer darauf zugreifen und die Internetseite schnell, unterbrechungs- und fehlerfrei nutzen k\u00f6nnen. Ebenso geben die Eigent\u00fcmer der Internetseite keine Garantie, dass die Inhalte der Internetseite oder der damit verbundenen Dienstleistungen den individuellen Bed\u00fcrfnissen eines Benutzers entsprechen und sie befriedigen.<\/p>\n<p>Die Eigent\u00fcmer der Internetseite unternehmen alle angemessenen und in der Branche \u00fcblichen Anstrengungen, um zu vermeiden, dass auf der Internetseite oder den damit verbundenen Diensten Viren oder andere sch\u00e4dliche Elemente vorhanden sind, die Sch\u00e4den im Computersystem des Benutzers, in seinen elektronischen Dokumenten oder in seinen Dateien verursachen k\u00f6nnten. Es kann aber nicht garantiert werden, dass keine solche Schadelemente vorhanden sind und es wird keine Haftung f\u00fcr derartige Sch\u00e4den \u00fcbernommen.<\/p>\n<p>Informationen oder Dienstleistungen, die von Dritten \u00fcber die Internetseite bereitgestellt werden, werden von den Eigent\u00fcmern der Internetseite nicht kontrolliert noch machen sich die Eigent\u00fcmer der Internetseite diese Inhalte zu eigen noch \u00fcbernehmen Sie die Verantwortung f\u00fcr die Genauigkeit, Qualit\u00e4t, Wahrhaftigkeit, Zuverl\u00e4ssigkeit oder Eignung solcher Inhalte. Ebenso kontrollieren und garantieren die Eigent\u00fcmer der Internetseite nicht, ob diese Inhalte oder Dienstleistungen, die von Dritten \u00fcber die Internetseite bereitgestellt werden, frei von Viren oder anderen sch\u00e4dlichen Elementen sind.<\/p>\n<p>Die Eigent\u00fcmer der Internetseite geben keine Garantie f\u00fcr die technische Verf\u00fcgbarkeit, Qualit\u00e4t, Zuverl\u00e4ssigkeit, Genauigkeit oder Richtigkeit von Inhalten und Dienstleistungen auf Internetseiten von Dritten, auf die der Benutzer \u00fcber Links von unserer Internetseite aus zugreift. Die Eigent\u00fcmer der Internetseite kontrollieren weder den Inhalt solcher Seiten Dritter, noch bieten, vermarkten oder verantworten die Eigent\u00fcmer der Internetseite die auf den verlinkten Seiten Dritter verf\u00fcgbaren Produkte und Dienstleistungen.<\/p>\n<p>Die Nutzung der Internetseite erfolgt auf eigene Gefahr des Benutzers und die Eigent\u00fcmer der Internetseite sind nicht f\u00fcr m\u00f6gliche Sch\u00e4den verantwortlich, die sich aus St\u00f6rungen, Unterbrechungen, Computerviren, Netzwerkausf\u00e4llen oder Netzwerkunterbrechungen ergeben, deren Ursachen au\u00dferhalb ihrer Kontrolle liegen. Das Gleiche gilt f\u00fcr Sch\u00e4den durch Verz\u00f6gerungen oder Blockaden bei der Nutzung aktueller elektronischer Systeme, die durch M\u00e4ngel oder \u00dcberlastungen in den Rechenzentren, in Telefonleitungen, im Internet oder anderen elektrischen Systemen oder durch \u00c4nderungen an der Software oder Hardware des Benutzers verursacht werden.<\/p>\n<p>Ebenso haften die Eigent\u00fcmer der Internetseite nicht f\u00fcr Sch\u00e4den, die durch Dritte durch unrechtm\u00e4\u00dfige Eingriffe au\u00dferhalb der Kontrolle der Eigent\u00fcmer der Internetseite verursacht werden. Das Gleiche gilt f\u00fcr Sch\u00e4den, die sich durch die Nutzung oder den Missbrauch von Inhalten der Internetseite oder durch Fehler, M\u00e4ngel oder Auslassungen in den von Dritten (in diesem Fall das gew\u00e4hlte Hotel) bereitgestellten Inhalten ergeben k\u00f6nnen.<\/p>\n<h3>Ende der Gesch\u00e4ftsbeziehung<\/h3>\n<p>Unbeschadet der Haftung f\u00fcr eventuell entstehende Sch\u00e4den k\u00f6nnen die Eigent\u00fcmer der Internetseite ihre Gesch\u00e4ftsbeziehung zum Benutzer unverz\u00fcglich und ohne Vorank\u00fcndigung beenden und den Zugang zur Internetseite oder zu ihren Diensten unterbrechen, wenn eine Nutzung der Internetseite oder einer der mit ihr verbundenen Dienste entgegen den geltenden allgemeinen oder besonderen Bedingungen festgestellt wird.<\/p>\n<p>Der Benutzer haftet f\u00fcr Sch\u00e4den jeglicher Art, die den Eigent\u00fcmern der Internetseite oder einer ihrer Tochtergesellschaften direkt oder indirekt durch eine Verletzung der allgemeinen oder besonderen Bedingungen in Bezug auf die Nutzung der Internetseite oder der damit verbundenen Dienstleistungen entstehen. Ebenso h\u00e4lt der Benutzer die Eigent\u00fcmer der Internetseite bez\u00fcglich aller Strafen, Anspr\u00fcche und Klagen schadlos, die von Dritten, z. B. \u00f6ffentlichen Einrichtungen, gegen die Eigent\u00fcmer der Internetseite, ihre Mitarbeiter oder Beauftragte erhoben werden und aus einer Verletzung von Rechten Dritter resultieren, die der Benutzer bei der Nutzung der Internetseite oder der mit ihr verbundenen Dienstleistungen entgegen den geltenden allgemeinen oder besonderen Nutzungsbedingungen begeht.<\/p>\n<h3>Anwendbares Recht und Gerichtsbarkeit<\/h3>\n<p>Diese allgemeinen Bedingungen unterliegen dem spanischen Recht. Die Eigent\u00fcmer der Internetseite und der Benutzer unterwerfen sich, unter ausdr\u00fccklichem Verzicht auf eine andere Zust\u00e4ndigkeit, f\u00fcr alle Streitigkeiten, die sich aus der Nutzung der Internetseite oder der damit verbundenen Dienstleistungen ergeben, der Gerichtsbarkeit am Wohnsitz des Benutzers.<\/p>\n<p>Hat der Benutzer seinen Wohnsitz au\u00dferhalb Spaniens, unterwerfen sich die Eigent\u00fcmer der Internetseite und der Benutzer unter ausdr\u00fccklichem Verzicht auf eine andere Zust\u00e4ndigkeit den Gerichten von Palma de Mallorca<\/p>\n\t\t\t\t\t\t<\/div>\n\t\t\t\t<\/div>\n\t\t\t\t<div class=\"elementor-element elementor-element-66cc2b6 elementor-widget elementor-widget-spacer\" data-id=\"66cc2b6\" data-element_type=\"widget\" data-widget_type=\"spacer.default\">\n\t\t\t\t<div class=\"elementor-widget-container\">\n\t\t\t\t\t<div class=\"elementor-spacer\">\n\t\t\t<div class=\"elementor-spacer-inner\"><\/div>\n\t\t<\/div>\n\t\t\t\t<\/div>\n\t\t\t\t<\/div>\n\t\t\t\t\t<\/div>\n\t\t<\/div>\n\t\t\t\t\t<\/div>\n\t\t<\/section>\n\t\t\t\t<\/div>\n\t\t","protected":false},"excerpt":{"rendered":"<p>ANGABEN gem\u00e4\u00df LSSI Gem\u00e4\u00df Gesetz 34\/2002 vom 11. Juli 2002 bez\u00fcglich der Dienste in der Informationsgesellschaft wird der Inhaber der Internetseite https:\/\/www.restaurantesalivent.com\/ (folgend \u201eInternetseite\u201c oder \u201eWebseite\u201c) angegeben mit IBEROSTAR HOTELES Y APARTAMENTOS, S.L. spanischen Rechts, mit Sitz in C\/ General Riera, 154, 07010 Palma de Mallorca, C.I.F. B-28.049.344, eingetragen im Handelsregister von Mallorca im Band [&hellip;]<\/p>\n","protected":false},"author":1,"featured_media":0,"parent":0,"menu_order":0,"comment_status":"closed","ping_status":"closed","template":"","meta":{"footnotes":""},"yoast_head":"<!-- This site is optimized with the Yoast SEO plugin v22.1 - https:\/\/yoast.com\/wordpress\/plugins\/seo\/ -->\n<title>Rechtliche Hinweise und Nutzungsbedingungen - Salivent<\/title>\n<meta name=\"robots\" content=\"index, follow, max-snippet:-1, max-image-preview:large, max-video-preview:-1\" \/>\n<link rel=\"canonical\" href=\"https:\/\/restaurantesalivent.com\/avisos-legales\/\" \/>\n<meta property=\"og:locale\" content=\"de_DE\" \/>\n<meta property=\"og:type\" content=\"article\" \/>\n<meta property=\"og:title\" content=\"Rechtliche Hinweise und Nutzungsbedingungen - Salivent\" \/>\n<meta property=\"og:description\" content=\"ANGABEN gem\u00e4\u00df LSSI Gem\u00e4\u00df Gesetz 34\/2002 vom 11. Juli 2002 bez\u00fcglich der Dienste in der Informationsgesellschaft wird der Inhaber der Internetseite https:\/\/www.restaurantesalivent.com\/ (folgend \u201eInternetseite\u201c oder \u201eWebseite\u201c) angegeben mit IBEROSTAR HOTELES Y APARTAMENTOS, S.L. spanischen Rechts, mit Sitz in C\/ General Riera, 154, 07010 Palma de Mallorca, C.I.F. B-28.049.344, eingetragen im Handelsregister von Mallorca im Band [&hellip;]\" \/>\n<meta property=\"og:url\" content=\"https:\/\/restaurantesalivent.com\/avisos-legales\/\" \/>\n<meta property=\"og:site_name\" content=\"Salivent\" \/>\n<meta property=\"article:modified_time\" content=\"2025-06-02T08:19:56+00:00\" \/>\n<meta name=\"twitter:card\" content=\"summary_large_image\" \/>\n<meta name=\"twitter:label1\" content=\"Gesch\u00e4tzte Lesezeit\" \/>\n\t<meta name=\"twitter:data1\" content=\"9\u00a0Minuten\" \/>\n<script type=\"application\/ld+json\" class=\"yoast-schema-graph\">{\"@context\":\"https:\/\/schema.org\",\"@graph\":[{\"@type\":\"WebPage\",\"@id\":\"https:\/\/restaurantesalivent.com\/avisos-legales\/\",\"url\":\"https:\/\/restaurantesalivent.com\/avisos-legales\/\",\"name\":\"Rechtliche Hinweise und Nutzungsbedingungen - Salivent\",\"isPartOf\":{\"@id\":\"https:\/\/restaurantesalivent.com\/#website\"},\"datePublished\":\"2019-04-25T20:24:19+00:00\",\"dateModified\":\"2025-06-02T08:19:56+00:00\",\"breadcrumb\":{\"@id\":\"https:\/\/restaurantesalivent.com\/avisos-legales\/#breadcrumb\"},\"inLanguage\":\"de\",\"potentialAction\":[{\"@type\":\"ReadAction\",\"target\":[\"https:\/\/restaurantesalivent.com\/avisos-legales\/\"]}]},{\"@type\":\"BreadcrumbList\",\"@id\":\"https:\/\/restaurantesalivent.com\/avisos-legales\/#breadcrumb\",\"itemListElement\":[{\"@type\":\"ListItem\",\"position\":1,\"name\":\"Home\",\"item\":\"https:\/\/restaurantesalivent.com\/\"},{\"@type\":\"ListItem\",\"position\":2,\"name\":\"Rechtliche Hinweise und Nutzungsbedingungen\"}]},{\"@type\":\"WebSite\",\"@id\":\"https:\/\/restaurantesalivent.com\/#website\",\"url\":\"https:\/\/restaurantesalivent.com\/\",\"name\":\"Salivent\",\"description\":\"Restaurante Salivent\",\"publisher\":{\"@id\":\"https:\/\/restaurantesalivent.com\/#organization\"},\"potentialAction\":[{\"@type\":\"SearchAction\",\"target\":{\"@type\":\"EntryPoint\",\"urlTemplate\":\"https:\/\/restaurantesalivent.com\/?s={search_term_string}\"},\"query-input\":\"required name=search_term_string\"}],\"inLanguage\":\"de\"},{\"@type\":\"Organization\",\"@id\":\"https:\/\/restaurantesalivent.com\/#organization\",\"name\":\"Salivent\",\"url\":\"https:\/\/restaurantesalivent.com\/\",\"logo\":{\"@type\":\"ImageObject\",\"inLanguage\":\"de\",\"@id\":\"https:\/\/restaurantesalivent.com\/#\/schema\/logo\/image\/\",\"url\":\"https:\/\/restaurantesalivent.com\/wp-content\/uploads\/2025\/05\/SALIVENT_LOGO.png\",\"contentUrl\":\"https:\/\/restaurantesalivent.com\/wp-content\/uploads\/2025\/05\/SALIVENT_LOGO.png\",\"width\":7605,\"height\":2259,\"caption\":\"Salivent\"},\"image\":{\"@id\":\"https:\/\/restaurantesalivent.com\/#\/schema\/logo\/image\/\"}}]}<\/script>\n<!-- \/ Yoast SEO plugin. -->","yoast_head_json":{"title":"Rechtliche Hinweise und Nutzungsbedingungen - Salivent","robots":{"index":"index","follow":"follow","max-snippet":"max-snippet:-1","max-image-preview":"max-image-preview:large","max-video-preview":"max-video-preview:-1"},"canonical":"https:\/\/restaurantesalivent.com\/avisos-legales\/","og_locale":"de_DE","og_type":"article","og_title":"Rechtliche Hinweise und Nutzungsbedingungen - Salivent","og_description":"ANGABEN gem\u00e4\u00df LSSI Gem\u00e4\u00df Gesetz 34\/2002 vom 11. Juli 2002 bez\u00fcglich der Dienste in der Informationsgesellschaft wird der Inhaber der Internetseite https:\/\/www.restaurantesalivent.com\/ (folgend \u201eInternetseite\u201c oder \u201eWebseite\u201c) angegeben mit IBEROSTAR HOTELES Y APARTAMENTOS, S.L. spanischen Rechts, mit Sitz in C\/ General Riera, 154, 07010 Palma de Mallorca, C.I.F. B-28.049.344, eingetragen im Handelsregister von Mallorca im Band [&hellip;]","og_url":"https:\/\/restaurantesalivent.com\/avisos-legales\/","og_site_name":"Salivent","article_modified_time":"2025-06-02T08:19:56+00:00","twitter_card":"summary_large_image","twitter_misc":{"Gesch\u00e4tzte Lesezeit":"9\u00a0Minuten"},"schema":{"@context":"https:\/\/schema.org","@graph":[{"@type":"WebPage","@id":"https:\/\/restaurantesalivent.com\/avisos-legales\/","url":"https:\/\/restaurantesalivent.com\/avisos-legales\/","name":"Rechtliche Hinweise und Nutzungsbedingungen - Salivent","isPartOf":{"@id":"https:\/\/restaurantesalivent.com\/#website"},"datePublished":"2019-04-25T20:24:19+00:00","dateModified":"2025-06-02T08:19:56+00:00","breadcrumb":{"@id":"https:\/\/restaurantesalivent.com\/avisos-legales\/#breadcrumb"},"inLanguage":"de","potentialAction":[{"@type":"ReadAction","target":["https:\/\/restaurantesalivent.com\/avisos-legales\/"]}]},{"@type":"BreadcrumbList","@id":"https:\/\/restaurantesalivent.com\/avisos-legales\/#breadcrumb","itemListElement":[{"@type":"ListItem","position":1,"name":"Home","item":"https:\/\/restaurantesalivent.com\/"},{"@type":"ListItem","position":2,"name":"Rechtliche Hinweise und Nutzungsbedingungen"}]},{"@type":"WebSite","@id":"https:\/\/restaurantesalivent.com\/#website","url":"https:\/\/restaurantesalivent.com\/","name":"Salivent","description":"Restaurante Salivent","publisher":{"@id":"https:\/\/restaurantesalivent.com\/#organization"},"potentialAction":[{"@type":"SearchAction","target":{"@type":"EntryPoint","urlTemplate":"https:\/\/restaurantesalivent.com\/?s={search_term_string}"},"query-input":"required name=search_term_string"}],"inLanguage":"de"},{"@type":"Organization","@id":"https:\/\/restaurantesalivent.com\/#organization","name":"Salivent","url":"https:\/\/restaurantesalivent.com\/","logo":{"@type":"ImageObject","inLanguage":"de","@id":"https:\/\/restaurantesalivent.com\/#\/schema\/logo\/image\/","url":"https:\/\/restaurantesalivent.com\/wp-content\/uploads\/2025\/05\/SALIVENT_LOGO.png","contentUrl":"https:\/\/restaurantesalivent.com\/wp-content\/uploads\/2025\/05\/SALIVENT_LOGO.png","width":7605,"height":2259,"caption":"Salivent"},"image":{"@id":"https:\/\/restaurantesalivent.com\/#\/schema\/logo\/image\/"}}]}},"_links":{"self":[{"href":"https:\/\/restaurantesalivent.com\/de\/wp-json\/wp\/v2\/pages\/977"}],"collection":[{"href":"https:\/\/restaurantesalivent.com\/de\/wp-json\/wp\/v2\/pages"}],"about":[{"href":"https:\/\/restaurantesalivent.com\/de\/wp-json\/wp\/v2\/types\/page"}],"author":[{"embeddable":true,"href":"https:\/\/restaurantesalivent.com\/de\/wp-json\/wp\/v2\/users\/1"}],"replies":[{"embeddable":true,"href":"https:\/\/restaurantesalivent.com\/de\/wp-json\/wp\/v2\/comments?post=977"}],"version-history":[{"count":2,"href":"https:\/\/restaurantesalivent.com\/de\/wp-json\/wp\/v2\/pages\/977\/revisions"}],"predecessor-version":[{"id":9646,"href":"https:\/\/restaurantesalivent.com\/de\/wp-json\/wp\/v2\/pages\/977\/revisions\/9646"}],"wp:attachment":[{"href":"https:\/\/restaurantesalivent.com\/de\/wp-json\/wp\/v2\/media?parent=977"}],"curies":[{"name":"wp","href":"https:\/\/api.w.org\/{rel}","templated":true}]}}