{"id":1006,"date":"2019-04-25T23:55:11","date_gmt":"2019-04-25T21:55:11","guid":{"rendered":"http:\/\/katagi.restiberostar.putput.cat\/cookie-richtlinie\/"},"modified":"2025-06-02T10:39:03","modified_gmt":"2025-06-02T08:39:03","slug":"cookie-richtlinie","status":"publish","type":"page","link":"https:\/\/restaurantesalivent.com\/de\/cookie-richtlinie\/","title":{"rendered":"Cookie-Richtlinie"},"content":{"rendered":"\t\t<div data-elementor-type=\"wp-post\" data-elementor-id=\"1006\" class=\"elementor elementor-1006 elementor-70\" data-elementor-post-type=\"page\">\n\t\t\t\t\t\t<section class=\"elementor-section elementor-top-section elementor-element elementor-element-d124cd9 elementor-section-content-middle rowtext rowtext-legal elementor-section-full_width elementor-section-height-min-height elementor-section-height-default elementor-section-items-middle\" data-id=\"d124cd9\" data-element_type=\"section\">\n\t\t\t\t\t\t<div class=\"elementor-container elementor-column-gap-wider\">\n\t\t\t\t\t<div class=\"elementor-column elementor-col-100 elementor-top-column elementor-element elementor-element-1bf6eb6 txtcolumn\" data-id=\"1bf6eb6\" data-element_type=\"column\">\n\t\t\t<div class=\"elementor-widget-wrap elementor-element-populated\">\n\t\t\t\t\t\t<div class=\"elementor-element elementor-element-493c5cb rowtext__title h2 elementor-widget elementor-widget-heading\" data-id=\"493c5cb\" data-element_type=\"widget\" data-widget_type=\"heading.default\">\n\t\t\t\t<div class=\"elementor-widget-container\">\n\t\t\t<h1 class=\"elementor-heading-title elementor-size-default\">Cookie-Richtlinie<\/h1>\t\t<\/div>\n\t\t\t\t<\/div>\n\t\t\t\t<div class=\"elementor-element elementor-element-e546170 rowtext__txt elementor-widget elementor-widget-text-editor\" data-id=\"e546170\" data-element_type=\"widget\" data-widget_type=\"text-editor.default\">\n\t\t\t\t<div class=\"elementor-widget-container\">\n\t\t\t\t\t\t\t<h2>WOF\u00dcR NUTZEN WIR COOKIES UND NAVIGATIONSDATEN?<\/h2>\n<p>Unsere Internetseite setzt Cookie-Technologien ein.<strong> Durch die fortgesetzte Nutzung der Internetseite ohne Deaktivierung der Cookies stimmen Sie deren Einsatz und deren Installation zu.<\/strong><\/p>\n<h3>Was ist ein Cookie?<\/h3>\n<p>Cookies sind Dateien, die von Websites auf Computer \u00fcbertragen werden, die diese Website aufrufen. Auch wenn Cookies grunds\u00e4tzlich nur technischen Zwecken dienen, k\u00f6nnen sie es unter anderem erm\u00f6glichen, Daten \u00fcber das benutzte Ger\u00e4t und das Nutzerverhalten eines Benutzers zu speichern und abzurufen sowie, je nach den gewonnenen Daten und der Art, wie das Ger\u00e4t verwendet wird, eine Identifizierung des Benutzers erm\u00f6glichen.<\/p>\n<p>Cookies, die vom Eigent\u00fcmer der Website kontrolliert und verwaltet werden, werden als \u201eeigene Cookies\u201c bezeichnet, Cookies, die von Dritten kontrolliert und verwaltet werden, werden als \u201eDrittanbieter-Cookies\u201c bezeichnet. Zu letzteren geh\u00f6ren z.\u00a0B. Cookies, die ein in die Website integriertes Werkzeug oder eine Funktionalit\u00e4t bereitstellen.<\/p>\n<p>Bestimmte Cookies werden nach Schlie\u00dfen des Browsers gel\u00f6scht (\u201eSession-Cookies\u201c), andere werden auf Ihrem Ger\u00e4t, z.\u00a0B. Computer, gespeichert und k\u00f6nnen f\u00fcr einen l\u00e4ngeren Zeitraum aufgerufen werden (\u201epersistente Cookies\u201c).<\/p>\n<h3>Welche Cookies benutzen wir und wof\u00fcr?<\/h3>\n<p>Auf unseren Internetseiten benutzen wir die folgenden Typen von Cookies:<\/p>\n<h4>Technische Cookies oder Cookies, die f\u00fcr die Bereitstellung von Diensten erforderlich sind.<\/h4>\n<p>Wir verwenden technische Cookies, um unseren Benutzern die gew\u00fcnschten Dienste bereitstellen zu k\u00f6nnen. Diese Cookies dienen der Navigation und sind f\u00fcr die Nutzung der verschiedenen Dienste der Website, darunter Traffic-Steuerung, Datenkommunikation, Session-Identifizierung, Zugriff auf zugangsbeschr\u00e4nkte Bereiche, Speicherung von Eingaben w\u00e4hrend des Registrierungs- oder Buchungsprozesses, Gew\u00e4hrleistung einer sicheren Navigation, Bereitstellung von Inhalten mit Bild oder Ton oder das Teilen von Inhalten \u00fcber Soziale Netzwerke, zwingend erforderlich.<\/p>\n<h4>Personalisierungs-Cookies.<\/h4>\n<p>Wir verwenden zur Optimierung unserer Website Personalisierungs-Cookies, um die Website und ihre Dienste den Pr\u00e4ferenzen des Benutzers oder allgemeinen Merkmalen der zugreifenden Ger\u00e4te, z.\u00a0B. dem eingesetzten Browser, dem installierten Betriebssystem usw., anzupassen.<\/p>\n<p>Diese Cookies werden beispielsweise dazu verwendet, um die vom Benutzer bei einem Seitanaufruf gew\u00e4hlten Parameter zu speichern, den Inhalt der Website gem\u00e4\u00df der Sprache oder dem Standort des Benutzers anzuzeigen oder den Status als registrierten Benutzer festzustellen.<\/p>\n<h4>Analyse-Cookies.<\/h4>\n<p>Analyse-Cookies werden zur Messung und Analyse der Nutzeraktivit\u00e4ten auf der Internetseite und zur Erstellung von Navigationsprofilen verwendet. Wir erstellen mit diesen Cookies anonyme, aggregierte Statistiken, um zu verstehen, wie Benutzer unsere Website nutzen, um sie zu verbessern und an die Pr\u00e4ferenzen der Besucher anzupassen.<\/p>\n<p>Solche Navigationsdaten, die analysiert werden, umfassen \u00fcblicherweise die folgenden Informationen:<\/p>\n<ul>\n<li>Den Dom\u00e4nenname des Anbieters (ISP) sowie die IP-Adresse f\u00fcr den Zugang zum Netzwerk. Zum Beispiel wird ein Benutzer des Providers xxx nur mit der Domain xxx.es und der IP-Adresse erfasst. Auf diese Weise k\u00f6nnen wir statistische Daten zu den L\u00e4ndern und Servern erstellen, die unsere Website am h\u00e4ufigsten aufrufen.<\/li>\n<li>Das Datum und die Uhrzeit des Website-Zugriffs. So ermitteln wir Zeiten vermehrter Seitenaufrufe, um notwendige Anpassungen vorzunehmen, die Probleme w\u00e4hrend der Spitzenzeiten vermeiden.<\/li>\n<li>Die Internetadresse, von der aus auf unsere Internetseite verlinkt wurde. Dank dieser Daten analysieren wir die Wirksamkeit verschiedener Banner und Links, die auf unseren Server verweisen, um den Einsatz solcher Mittel weiter zu verbessern.<\/li>\n<li>Die Anzahl der t\u00e4glichen Aufrufe f\u00fcr alle Abschnitte der Internetseite. So k\u00f6nnen wir die erfolgreichsten Seitenbereiche bestimmen und ihre Inhalte erweitern und verbessern, damit die Seitenbenutzer ein noch besseres Ergebnis erzielen.<\/li>\n<\/ul>\n<p>Wir nutzen f\u00fcr unsere Internetseite die folgenden Analysedienste:<\/p>\n\t\t\t\t\t\t<\/div>\n\t\t\t\t<\/div>\n\t\t\t\t<div class=\"elementor-element elementor-element-27e8b8d table-scroller elementor-widget elementor-widget-text-editor\" data-id=\"27e8b8d\" data-element_type=\"widget\" data-widget_type=\"text-editor.default\">\n\t\t\t\t<div class=\"elementor-widget-container\">\n\t\t\t\t\t\t\t<table>\r\n<thead>\r\n<tr>\r\n<th>COOKIE<\/th>\r\n<th>ANBIETER<\/th>\r\n<th>ZUS\u00c4TZLICHE INFORMATION<\/th>\r\n<\/tr>\r\n<\/thead>\r\n<tbody>\r\n<tr>\r\n<td>GOOGLE ANALYTICS<\/td>\r\n<td>Google, Inc., 1600 Amphitheatre Parkway. Mountain View, CA 94043. EE.UU<\/td>\r\n<td>weitere Infos unter: \r\n<a href=\"https:\/\/support.google.com\/analytics\/answer\/6004245\" target=\"_blank\" rel=\"noopener\">https:\/\/support.google.com\/analytics\/answer\/6004245<\/a>\r\n<a href=\"http:\/\/www.google.com\/intl\/es\/policies\/privacy\/\" target=\"_blank\" rel=\"noopener\">http:\/\/www.google.com\/intl\/es\/policies\/privacy\/<\/a>\r\nSie k\u00f6nnen diese Cookies durch die Installation des folgenden Plug-in deaktivieren: <a href=\"https:\/\/tools.google.com\/dlpage\/gaoptout?hl=es\" target=\"_blank\" rel=\"noopener\">https:\/\/tools.google.com\/dlpage\/gaoptout?hl=es<\/a><\/td>\r\n<\/tr>\r\n<\/tbody>\r\n<\/table>\t\t\t\t\t\t<\/div>\n\t\t\t\t<\/div>\n\t\t\t\t<div class=\"elementor-element elementor-element-7bfcfaf elementor-widget elementor-widget-text-editor\" data-id=\"7bfcfaf\" data-element_type=\"widget\" data-widget_type=\"text-editor.default\">\n\t\t\t\t<div class=\"elementor-widget-container\">\n\t\t\t\t\t\t\t<h3>Sind die Daten in den Cookies anonym?<\/h3>\n<p>Cookies enthalten keine Informationen, mit denen allein ein bestimmter Benutzer identifiziert werden kann. Von unserer Seite aus k\u00f6nnen diese Informationen nur dann einem bestimmten Benutzer zugeordnet werden, wenn dieser auf der Internetseite identifiziert wird. In diesem Fall werden die Daten gem\u00e4\u00df der Datenschutzerkl\u00e4rung der Internetseite und den jeweils geltenden gesetzlichen Vorschriften zum Schutz personenbezogener Daten behandelt. Betroffene Benutzer k\u00f6nnen jederzeit von ihrem Recht auf Zugang, Berichtigung und L\u00f6schung der Daten sowie weiteren Rechten Gebrauch machen, die in der betreffenden Datenschutzerkl\u00e4rung erl\u00e4utert werden.<\/p>\n<h3>Wie kann ich die Cookies verwalten?<\/h3>\n<p>Besucher der Internetseite k\u00f6nnen \u00fcber die Konfiguration ihres Browsers w\u00e4hlen, keine Cookies zu erhalten, diese zu l\u00f6schen oder \u00fcber die Speicherung eines Cookie informiert zu werden. Weitere Informationen dazu, wie Sie Cookies in Ihrem Browser verwalten k\u00f6nnen, finden Sie in der Hilfe zu Ihrem Browser.<\/p>\n<p>Nachfolgend finden Sie Informationen zur Verwaltung von Cookies, die von den Entwicklern der wichtigsten Browser zur Verf\u00fcgung gestellt wurden:<\/p>\n<ul>\n<li><strong>Chrome<\/strong>, <a href=\"http:\/\/support.google.com\/chrome\/bin\/answer.py?hl=es&amp;answer=95647\">http:\/\/support.google.com\/chrome\/bin\/answer.py?hl=es&amp;answer=95647 <\/a><\/li>\n<li><strong>Explorer<\/strong>, <u>http:\/\/windows.microsoft.com\/es-es\/windows-vista\/block-or-allow-cookies<\/u><\/li>\n<li><strong>Firefox<\/strong>, <a href=\"http:\/\/support.mozilla.org\/es\/kb\/habilitar-y-deshabilitar-cookies-que-los-sitios-we\">http:\/\/support.mozilla.org\/es\/kb\/habilitar-y-deshabilitar-cookies-que-los-sitios-we<\/a><\/li>\n<li><strong>Safari<\/strong>,<a href=\"https:\/\/support.apple.com\/kb\/index?q=manage+cookies&amp;src=globalnav_support&amp;type=organic&amp;page=search&amp;locale=es_ES\">https:\/\/support.apple.com\/kb\/index?q=manage+cookies&amp;src=globalnav_support&amp;type=organic&amp;page=search&amp;locale=es_ES<\/a><\/li>\n<\/ul>\n<p>Wenn Sie Cookies deaktivieren, k\u00f6nnen Sie dadurch m\u00f6glicherweise nicht mehr alle Funktionen der Internetseite nutzen.<\/p>\n<p>Um die in E-Mails m\u00f6glicherweise enthaltenen Z\u00e4hl-Pixel und Tracking-Codes zu steuern, k\u00f6nnen Sie Ihren E-Mail-Client so einstellen, dass ferngesteuerte Inhalte oder Bilder nicht automatisch heruntergeladen werden.<\/p>\n<p>Um Drittanbieter-Cookies zu deaktivieren, k\u00f6nnen Benutzer auch die Seite der Network Advertising Initiative (NAI) nutzen. Internetseite auf Englisch: <a href=\"http:\/\/www.networkadvertising.org\/managing\/opt_out.asp\">http:\/\/www.networkadvertising.org\/managing\/opt_out.asp<\/a>).<\/p>\n\t\t\t\t\t\t<\/div>\n\t\t\t\t<\/div>\n\t\t\t\t<div class=\"elementor-element elementor-element-da7da1a elementor-widget elementor-widget-spacer\" data-id=\"da7da1a\" data-element_type=\"widget\" data-widget_type=\"spacer.default\">\n\t\t\t\t<div class=\"elementor-widget-container\">\n\t\t\t\t\t<div class=\"elementor-spacer\">\n\t\t\t<div class=\"elementor-spacer-inner\"><\/div>\n\t\t<\/div>\n\t\t\t\t<\/div>\n\t\t\t\t<\/div>\n\t\t\t\t\t<\/div>\n\t\t<\/div>\n\t\t\t\t\t<\/div>\n\t\t<\/section>\n\t\t\t\t<\/div>\n\t\t","protected":false},"excerpt":{"rendered":"<p>WOF\u00dcR NUTZEN WIR COOKIES UND NAVIGATIONSDATEN? Unsere Internetseite setzt Cookie-Technologien ein. Durch die fortgesetzte Nutzung der Internetseite ohne Deaktivierung der Cookies stimmen Sie deren Einsatz und deren Installation zu. Was ist ein Cookie? Cookies sind Dateien, die von Websites auf Computer \u00fcbertragen werden, die diese Website aufrufen. Auch wenn Cookies grunds\u00e4tzlich nur technischen Zwecken dienen, [&hellip;]<\/p>\n","protected":false},"author":1,"featured_media":0,"parent":0,"menu_order":0,"comment_status":"closed","ping_status":"closed","template":"","meta":{"footnotes":""},"yoast_head":"<!-- This site is optimized with the Yoast SEO plugin v22.1 - https:\/\/yoast.com\/wordpress\/plugins\/seo\/ -->\n<title>Cookie-Richtlinie - Salivent<\/title>\n<meta name=\"robots\" content=\"index, follow, max-snippet:-1, max-image-preview:large, max-video-preview:-1\" \/>\n<link rel=\"canonical\" href=\"https:\/\/restaurantesalivent.com\/politica-de-cookies\/\" \/>\n<meta property=\"og:locale\" content=\"de_DE\" \/>\n<meta property=\"og:type\" content=\"article\" \/>\n<meta property=\"og:title\" content=\"Cookie-Richtlinie - Salivent\" \/>\n<meta property=\"og:description\" content=\"WOF\u00dcR NUTZEN WIR COOKIES UND NAVIGATIONSDATEN? Unsere Internetseite setzt Cookie-Technologien ein. Durch die fortgesetzte Nutzung der Internetseite ohne Deaktivierung der Cookies stimmen Sie deren Einsatz und deren Installation zu. Was ist ein Cookie? Cookies sind Dateien, die von Websites auf Computer \u00fcbertragen werden, die diese Website aufrufen. Auch wenn Cookies grunds\u00e4tzlich nur technischen Zwecken dienen, [&hellip;]\" \/>\n<meta property=\"og:url\" content=\"https:\/\/restaurantesalivent.com\/politica-de-cookies\/\" \/>\n<meta property=\"og:site_name\" content=\"Salivent\" \/>\n<meta property=\"article:modified_time\" content=\"2025-06-02T08:39:03+00:00\" \/>\n<meta name=\"twitter:card\" content=\"summary_large_image\" \/>\n<meta name=\"twitter:label1\" content=\"Gesch\u00e4tzte Lesezeit\" \/>\n\t<meta name=\"twitter:data1\" content=\"5\u00a0Minuten\" \/>\n<script type=\"application\/ld+json\" class=\"yoast-schema-graph\">{\"@context\":\"https:\/\/schema.org\",\"@graph\":[{\"@type\":\"WebPage\",\"@id\":\"https:\/\/restaurantesalivent.com\/politica-de-cookies\/\",\"url\":\"https:\/\/restaurantesalivent.com\/politica-de-cookies\/\",\"name\":\"Cookie-Richtlinie - Salivent\",\"isPartOf\":{\"@id\":\"https:\/\/restaurantesalivent.com\/#website\"},\"datePublished\":\"2019-04-25T21:55:11+00:00\",\"dateModified\":\"2025-06-02T08:39:03+00:00\",\"breadcrumb\":{\"@id\":\"https:\/\/restaurantesalivent.com\/politica-de-cookies\/#breadcrumb\"},\"inLanguage\":\"de\",\"potentialAction\":[{\"@type\":\"ReadAction\",\"target\":[\"https:\/\/restaurantesalivent.com\/politica-de-cookies\/\"]}]},{\"@type\":\"BreadcrumbList\",\"@id\":\"https:\/\/restaurantesalivent.com\/politica-de-cookies\/#breadcrumb\",\"itemListElement\":[{\"@type\":\"ListItem\",\"position\":1,\"name\":\"Home\",\"item\":\"https:\/\/restaurantesalivent.com\/\"},{\"@type\":\"ListItem\",\"position\":2,\"name\":\"Cookie-Richtlinie\"}]},{\"@type\":\"WebSite\",\"@id\":\"https:\/\/restaurantesalivent.com\/#website\",\"url\":\"https:\/\/restaurantesalivent.com\/\",\"name\":\"Salivent\",\"description\":\"Restaurante Salivent\",\"publisher\":{\"@id\":\"https:\/\/restaurantesalivent.com\/#organization\"},\"potentialAction\":[{\"@type\":\"SearchAction\",\"target\":{\"@type\":\"EntryPoint\",\"urlTemplate\":\"https:\/\/restaurantesalivent.com\/?s={search_term_string}\"},\"query-input\":\"required name=search_term_string\"}],\"inLanguage\":\"de\"},{\"@type\":\"Organization\",\"@id\":\"https:\/\/restaurantesalivent.com\/#organization\",\"name\":\"Salivent\",\"url\":\"https:\/\/restaurantesalivent.com\/\",\"logo\":{\"@type\":\"ImageObject\",\"inLanguage\":\"de\",\"@id\":\"https:\/\/restaurantesalivent.com\/#\/schema\/logo\/image\/\",\"url\":\"https:\/\/restaurantesalivent.com\/wp-content\/uploads\/2025\/05\/SALIVENT_LOGO.png\",\"contentUrl\":\"https:\/\/restaurantesalivent.com\/wp-content\/uploads\/2025\/05\/SALIVENT_LOGO.png\",\"width\":7605,\"height\":2259,\"caption\":\"Salivent\"},\"image\":{\"@id\":\"https:\/\/restaurantesalivent.com\/#\/schema\/logo\/image\/\"}}]}<\/script>\n<!-- \/ Yoast SEO plugin. -->","yoast_head_json":{"title":"Cookie-Richtlinie - Salivent","robots":{"index":"index","follow":"follow","max-snippet":"max-snippet:-1","max-image-preview":"max-image-preview:large","max-video-preview":"max-video-preview:-1"},"canonical":"https:\/\/restaurantesalivent.com\/politica-de-cookies\/","og_locale":"de_DE","og_type":"article","og_title":"Cookie-Richtlinie - Salivent","og_description":"WOF\u00dcR NUTZEN WIR COOKIES UND NAVIGATIONSDATEN? Unsere Internetseite setzt Cookie-Technologien ein. Durch die fortgesetzte Nutzung der Internetseite ohne Deaktivierung der Cookies stimmen Sie deren Einsatz und deren Installation zu. Was ist ein Cookie? Cookies sind Dateien, die von Websites auf Computer \u00fcbertragen werden, die diese Website aufrufen. Auch wenn Cookies grunds\u00e4tzlich nur technischen Zwecken dienen, [&hellip;]","og_url":"https:\/\/restaurantesalivent.com\/politica-de-cookies\/","og_site_name":"Salivent","article_modified_time":"2025-06-02T08:39:03+00:00","twitter_card":"summary_large_image","twitter_misc":{"Gesch\u00e4tzte Lesezeit":"5\u00a0Minuten"},"schema":{"@context":"https:\/\/schema.org","@graph":[{"@type":"WebPage","@id":"https:\/\/restaurantesalivent.com\/politica-de-cookies\/","url":"https:\/\/restaurantesalivent.com\/politica-de-cookies\/","name":"Cookie-Richtlinie - Salivent","isPartOf":{"@id":"https:\/\/restaurantesalivent.com\/#website"},"datePublished":"2019-04-25T21:55:11+00:00","dateModified":"2025-06-02T08:39:03+00:00","breadcrumb":{"@id":"https:\/\/restaurantesalivent.com\/politica-de-cookies\/#breadcrumb"},"inLanguage":"de","potentialAction":[{"@type":"ReadAction","target":["https:\/\/restaurantesalivent.com\/politica-de-cookies\/"]}]},{"@type":"BreadcrumbList","@id":"https:\/\/restaurantesalivent.com\/politica-de-cookies\/#breadcrumb","itemListElement":[{"@type":"ListItem","position":1,"name":"Home","item":"https:\/\/restaurantesalivent.com\/"},{"@type":"ListItem","position":2,"name":"Cookie-Richtlinie"}]},{"@type":"WebSite","@id":"https:\/\/restaurantesalivent.com\/#website","url":"https:\/\/restaurantesalivent.com\/","name":"Salivent","description":"Restaurante Salivent","publisher":{"@id":"https:\/\/restaurantesalivent.com\/#organization"},"potentialAction":[{"@type":"SearchAction","target":{"@type":"EntryPoint","urlTemplate":"https:\/\/restaurantesalivent.com\/?s={search_term_string}"},"query-input":"required name=search_term_string"}],"inLanguage":"de"},{"@type":"Organization","@id":"https:\/\/restaurantesalivent.com\/#organization","name":"Salivent","url":"https:\/\/restaurantesalivent.com\/","logo":{"@type":"ImageObject","inLanguage":"de","@id":"https:\/\/restaurantesalivent.com\/#\/schema\/logo\/image\/","url":"https:\/\/restaurantesalivent.com\/wp-content\/uploads\/2025\/05\/SALIVENT_LOGO.png","contentUrl":"https:\/\/restaurantesalivent.com\/wp-content\/uploads\/2025\/05\/SALIVENT_LOGO.png","width":7605,"height":2259,"caption":"Salivent"},"image":{"@id":"https:\/\/restaurantesalivent.com\/#\/schema\/logo\/image\/"}}]}},"_links":{"self":[{"href":"https:\/\/restaurantesalivent.com\/de\/wp-json\/wp\/v2\/pages\/1006"}],"collection":[{"href":"https:\/\/restaurantesalivent.com\/de\/wp-json\/wp\/v2\/pages"}],"about":[{"href":"https:\/\/restaurantesalivent.com\/de\/wp-json\/wp\/v2\/types\/page"}],"author":[{"embeddable":true,"href":"https:\/\/restaurantesalivent.com\/de\/wp-json\/wp\/v2\/users\/1"}],"replies":[{"embeddable":true,"href":"https:\/\/restaurantesalivent.com\/de\/wp-json\/wp\/v2\/comments?post=1006"}],"version-history":[{"count":1,"href":"https:\/\/restaurantesalivent.com\/de\/wp-json\/wp\/v2\/pages\/1006\/revisions"}],"predecessor-version":[{"id":9513,"href":"https:\/\/restaurantesalivent.com\/de\/wp-json\/wp\/v2\/pages\/1006\/revisions\/9513"}],"wp:attachment":[{"href":"https:\/\/restaurantesalivent.com\/de\/wp-json\/wp\/v2\/media?parent=1006"}],"curies":[{"name":"wp","href":"https:\/\/api.w.org\/{rel}","templated":true}]}}